{"id":55,"date":"2025-10-13T11:02:16","date_gmt":"2025-10-13T11:02:16","guid":{"rendered":"https:\/\/paocapital.com\/es\/?page_id=55"},"modified":"2025-11-10T07:09:42","modified_gmt":"2025-11-10T07:09:42","slug":"servicios","status":"publish","type":"page","link":"https:\/\/paocapital.com\/es\/servicios\/","title":{"rendered":"Servicios"},"content":{"rendered":"<p>[et_pb_section fb_built=\u00bb1&#8243; admin_label=\u00bbHeader &#038; Services\u00bb _builder_version=\u00bb4.27.4&#8243; _module_preset=\u00bbdefault\u00bb background_color=\u00bbgcid-d214ab81-0383-475f-b48e-2c27b44bd017&#8243; use_background_color_gradient=\u00bbon\u00bb background_color_gradient_stops=\u00bb#000000 0%|#0038ff 38%|#0069fe 72%|#eaebef 100%\u00bb locked=\u00bboff\u00bb collapsed=\u00bbon\u00bb global_colors_info=\u00bb{%22gcid-d214ab81-0383-475f-b48e-2c27b44bd017%22:%91%22background_color%22%93}\u00bb][et_pb_row _builder_version=\u00bb4.23.1&#8243; _module_preset=\u00bbdefault\u00bb max_width=\u00bb800px\u00bb global_colors_info=\u00bb{}\u00bb][et_pb_column type=\u00bb4_4&#8243; _builder_version=\u00bb4.23.1&#8243; _module_preset=\u00bbdefault\u00bb global_colors_info=\u00bb{}\u00bb][et_pb_text _builder_version=\u00bb4.27.4&#8243; _module_preset=\u00bb589972c7-0e5f-4fe2-824f-78a7aa49a6c1&#8243; text_font=\u00bbInter|500||on|||||\u00bb header_font=\u00bbInter|500|||||||\u00bb text_orientation=\u00bbcenter\u00bb global_colors_info=\u00bb{}\u00bb]<\/p>\n<h1><span style=\"color: #ffffff\">SERVICIOS<\/span><\/h1>\n<p>[\/et_pb_text][\/et_pb_column][\/et_pb_row][et_pb_row column_structure=\u00bb1_3,1_3,1_3&#8243; make_equal=\u00bbon\u00bb custom_padding_last_edited=\u00bbon|tablet\u00bb _builder_version=\u00bb4.27.4&#8243; _module_preset=\u00bbdefault\u00bb custom_padding_tablet=\u00bb||0px||false|false\u00bb custom_padding_phone=\u00bb||0px||false|false\u00bb locked=\u00bboff\u00bb global_colors_info=\u00bb{}\u00bb][et_pb_column type=\u00bb1_3&#8243; _builder_version=\u00bb4.27.4&#8243; _module_preset=\u00bbdefault\u00bb background_color=\u00bbgcid-0a7511ba-9ef0-4f52-b53b-8aeb3410e8bd\u00bb custom_padding=\u00bb30px|30px|30px|30px|true|true\u00bb custom_padding_tablet=\u00bb30px|30px|30px|30px|false|false\u00bb custom_padding_phone=\u00bb20px|20px|20px|20px|true|true\u00bb custom_padding_last_edited=\u00bbon|phone\u00bb border_radii=\u00bbon|20px|20px|20px|20px\u00bb global_colors_info=\u00bb{%22gcid-0a7511ba-9ef0-4f52-b53b-8aeb3410e8bd%22:%91%22background_color%22%93}\u00bb][et_pb_text _builder_version=\u00bb4.27.4&#8243; _module_preset=\u00bb3a871945-394f-4577-a7fa-a935694c5482&#8243; header_3_font=\u00bbInter|500||on|||||\u00bb header_3_text_color=\u00bb#FFFFFF\u00bb header_3_font_size=\u00bb24px\u00bb text_orientation=\u00bbcenter\u00bb custom_margin=\u00bb||10px||false|false\u00bb global_colors_info=\u00bb{}\u00bb]<\/p>\n<h3>Strategic Advisory<\/h3>\n<p>[\/et_pb_text][et_pb_text _builder_version=\u00bb4.27.4&#8243; _module_preset=\u00bb291e7b6a-353e-4b8a-bd54-baff8a0bc8da\u00bb text_font=\u00bbInter||||||||\u00bb text_text_color=\u00bb#FFFFFF\u00bb text_font_size=\u00bb14px\u00bb text_orientation=\u00bbcenter\u00bb custom_margin=\u00bb||10px||false|false\u00bb global_colors_info=\u00bb{}\u00bb]<\/p>\n<p style=\"text-align: left\">Reflexi\u00f3n Estrategica para tomar decisiones orientadas a la creaci\u00f3n de valor. Perspectiva, criterio y direcci\u00f3n para construir lo que viene.<\/p>\n<ul>\n<li style=\"text-align: left\">Definici\u00f3n o revisi\u00f3n de prop\u00f3sito y visi\u00f3n empresarial<\/li>\n<li style=\"text-align: left\">Acompa\u00f1amiento en procesos de transformaci\u00f3n estrat\u00e9gica<\/li>\n<li style=\"text-align: left\">Rol de sparring partner para equipos directivos<\/li>\n<li style=\"text-align: left\">Facilitaci\u00f3n de sesiones estrat\u00e9gicas con stakeholders clave<\/li>\n<\/ul>\n<p>[\/et_pb_text][\/et_pb_column][et_pb_column type=\u00bb1_3&#8243; _builder_version=\u00bb4.23.1&#8243; _module_preset=\u00bbdefault\u00bb background_color=\u00bbgcid-0a7511ba-9ef0-4f52-b53b-8aeb3410e8bd\u00bb custom_padding=\u00bb30px|30px|30px|30px|true|true\u00bb custom_padding_tablet=\u00bb30px|30px|30px|30px|false|false\u00bb custom_padding_phone=\u00bb20px|20px|20px|20px|true|true\u00bb custom_padding_last_edited=\u00bbon|desktop\u00bb border_radii=\u00bbon|20px|20px|20px|20px\u00bb global_colors_info=\u00bb{%22gcid-0a7511ba-9ef0-4f52-b53b-8aeb3410e8bd%22:%91%22background_color%22%93}\u00bb][et_pb_text _builder_version=\u00bb4.27.4&#8243; _module_preset=\u00bb3a871945-394f-4577-a7fa-a935694c5482&#8243; header_3_font=\u00bbInter|500||on|||||\u00bb header_3_text_color=\u00bb#FFFFFF\u00bb header_3_font_size=\u00bb24px\u00bb text_orientation=\u00bbcenter\u00bb custom_margin=\u00bb||10px||false|false\u00bb global_colors_info=\u00bb{}\u00bb]<\/p>\n<h3><span style=\"color: #ffffff\">Gesti\u00f3n Patrimonial<\/span><\/h3>\n<p>[\/et_pb_text][et_pb_text _builder_version=\u00bb4.27.4&#8243; _module_preset=\u00bb291e7b6a-353e-4b8a-bd54-baff8a0bc8da\u00bb text_text_color=\u00bb#FFFFFF\u00bb text_font_size=\u00bb14px\u00bb text_orientation=\u00bbcenter\u00bb custom_margin=\u00bb||10px||false|false\u00bb global_colors_info=\u00bb{}\u00bb]<\/p>\n<p style=\"text-align: left\">Apoyo estrat\u00e9gico y t\u00e9cnico en la gesti\u00f3n integral del patrimonio.<\/p>\n<ul>\n<li style=\"text-align: left\">Construcci\u00f3n de una carta de inversiones alternativas (PE, VC, real estate)<\/li>\n<li style=\"text-align: left\">Participaci\u00f3n o creaci\u00f3n de comit\u00e9s de inversi\u00f3n<\/li>\n<li style=\"text-align: left\">Segunda opini\u00f3n sobre decisiones clave.<\/li>\n<li style=\"text-align: left\">Definici\u00f3n de criterios ESG o de impacto si aplica\u00a0<\/li>\n<\/ul>\n<p>[\/et_pb_text][\/et_pb_column][et_pb_column type=\u00bb1_3&#8243; _builder_version=\u00bb4.23.1&#8243; _module_preset=\u00bbdefault\u00bb background_color=\u00bbgcid-0a7511ba-9ef0-4f52-b53b-8aeb3410e8bd\u00bb custom_padding=\u00bb30px|30px|30px|30px|true|true\u00bb custom_padding_tablet=\u00bb30px|30px|30px|30px|false|false\u00bb custom_padding_phone=\u00bb20px|20px|20px|20px|true|true\u00bb custom_padding_last_edited=\u00bbon|desktop\u00bb border_radii=\u00bbon|20px|20px|20px|20px\u00bb global_colors_info=\u00bb{%22gcid-0a7511ba-9ef0-4f52-b53b-8aeb3410e8bd%22:%91%22background_color%22%93}\u00bb][et_pb_text _builder_version=\u00bb4.27.4&#8243; _module_preset=\u00bb3a871945-394f-4577-a7fa-a935694c5482&#8243; text_font=\u00bbInter|||on|||||\u00bb text_font_size=\u00bb12px\u00bb header_3_font=\u00bbInter|500|||||||\u00bb header_3_text_color=\u00bb#FFFFFF\u00bb header_3_font_size=\u00bb24px\u00bb text_orientation=\u00bbcenter\u00bb custom_margin=\u00bb||10px||false|false\u00bb global_colors_info=\u00bb{}\u00bb]<\/p>\n<h3>Consejos de administraci\u00f3n<\/h3>\n<p>[\/et_pb_text][et_pb_text _builder_version=\u00bb4.27.4&#8243; _module_preset=\u00bb291e7b6a-353e-4b8a-bd54-baff8a0bc8da\u00bb text_font=\u00bbInter||||||||\u00bb text_text_color=\u00bb#FFFFFF\u00bb text_font_size=\u00bb14px\u00bb text_orientation=\u00bbcenter\u00bb custom_margin=\u00bb||10px||false|false\u00bb global_colors_info=\u00bb{}\u00bb]<\/p>\n<p style=\"text-align: left\">Acompa\u00f1amiento estrat\u00e9gico para \u00f3rganos de decisi\u00f3n.<\/p>\n<ul>\n<li style=\"text-align: left\">Board as a Service: Ofrecemos un formato flexible de acompa\u00f1amiento a consejos de administraci\u00f3n. Enlace externo al servicio.<\/li>\n<li style=\"text-align: left\">Independent Board Member: Participamos como miembros independientes en consejos de administraci\u00f3n, aportando perspectiva, neutralidad, y un enfoque orientado a valor sostenible.<\/li>\n<\/ul>\n<p>[\/et_pb_text][\/et_pb_column][\/et_pb_row][et_pb_row column_structure=\u00bb1_3,1_3,1_3&#8243; make_equal=\u00bbon\u00bb _builder_version=\u00bb4.27.4&#8243; _module_preset=\u00bbdefault\u00bb locked=\u00bboff\u00bb global_colors_info=\u00bb{}\u00bb][et_pb_column type=\u00bb1_3&#8243; _builder_version=\u00bb4.27.4&#8243; _module_preset=\u00bbdefault\u00bb background_color=\u00bbgcid-4558e94f-c411-4090-9fc6-820b4850a969&#8243; custom_padding=\u00bb30px|30px|30px|30px|true|true\u00bb custom_padding_tablet=\u00bb30px|30px|30px|30px|false|false\u00bb custom_padding_phone=\u00bb20px|20px|20px|20px|true|true\u00bb custom_padding_last_edited=\u00bbon|desktop\u00bb border_radii=\u00bbon|20px|20px|20px|20px\u00bb global_colors_info=\u00bb{%22gcid-4558e94f-c411-4090-9fc6-820b4850a969%22:%91%22background_color%22%93}\u00bb][et_pb_text _builder_version=\u00bb4.27.4&#8243; _module_preset=\u00bb3a871945-394f-4577-a7fa-a935694c5482&#8243; text_font=\u00bbInter|||on|||||\u00bb header_3_font=\u00bbInter|500|||||||\u00bb header_3_text_color=\u00bb#FFFFFF\u00bb header_3_font_size=\u00bb24px\u00bb text_orientation=\u00bbcenter\u00bb custom_margin=\u00bb||10px||false|false\u00bb global_colors_info=\u00bb{}\u00bb]<\/p>\n<h3>Interim Management<\/h3>\n<p>[\/et_pb_text][et_pb_text _builder_version=\u00bb4.27.4&#8243; _module_preset=\u00bb291e7b6a-353e-4b8a-bd54-baff8a0bc8da\u00bb text_font=\u00bbInter||||||||\u00bb text_text_color=\u00bb#FFFFFF\u00bb text_font_size=\u00bb14px\u00bb text_orientation=\u00bbcenter\u00bb custom_margin=\u00bb||10px||false|false\u00bb global_colors_info=\u00bb{}\u00bb]<\/p>\n<p style=\"text-align: left\">Liderazgo temporal en direcci\u00f3n o gesti\u00f3n para estabilizar, transformar o preparar transiciones.<\/p>\n<ul>\n<li style=\"text-align: left\">Direcci\u00f3n general o de \u00e1reas clave en fases cr\u00edticas<\/li>\n<li style=\"text-align: left\">Profesionalizaci\u00f3n de estructuras familiares<\/li>\n<li style=\"text-align: left\">Preparaci\u00f3n para procesos de venta, fusi\u00f3n o sucesi\u00f3n<\/li>\n<\/ul>\n<p>[\/et_pb_text][\/et_pb_column][et_pb_column type=\u00bb1_3&#8243; _builder_version=\u00bb4.27.4&#8243; _module_preset=\u00bbdefault\u00bb background_color=\u00bbgcid-4558e94f-c411-4090-9fc6-820b4850a969&#8243; custom_padding=\u00bb30px|30px|30px|30px|true|true\u00bb custom_padding_tablet=\u00bb30px|30px|30px|30px|false|false\u00bb custom_padding_phone=\u00bb20px|20px|20px|20px|true|true\u00bb custom_padding_last_edited=\u00bbon|desktop\u00bb border_radii=\u00bbon|20px|20px|20px|20px\u00bb global_colors_info=\u00bb{%22gcid-4558e94f-c411-4090-9fc6-820b4850a969%22:%91%22background_color%22%93}\u00bb][et_pb_text _builder_version=\u00bb4.27.4&#8243; _module_preset=\u00bb3a871945-394f-4577-a7fa-a935694c5482&#8243; header_3_font=\u00bbInter|500||on|||||\u00bb header_3_text_color=\u00bb#FFFFFF\u00bb header_3_font_size=\u00bb24px\u00bb text_orientation=\u00bbcenter\u00bb custom_margin=\u00bb||10px||false|false\u00bb global_colors_info=\u00bb{}\u00bb]<\/p>\n<h3>Strategic Advisory<\/h3>\n<p>[\/et_pb_text][et_pb_text _builder_version=\u00bb4.27.4&#8243; _module_preset=\u00bb291e7b6a-353e-4b8a-bd54-baff8a0bc8da\u00bb text_text_color=\u00bb#FFFFFF\u00bb text_font_size=\u00bb14px\u00bb text_orientation=\u00bbcenter\u00bb custom_margin=\u00bb||10px||false|false\u00bb global_colors_info=\u00bb{}\u00bb]<\/p>\n<p style=\"text-align: left\">Reflexi\u00f3n Estrategica para tomar decisiones orientadas a la creaci\u00f3n de valor. Perspectiva, criterio y direcci\u00f3n para construir lo que viene.<\/p>\n<ul>\n<li style=\"text-align: left\">Definici\u00f3n o revisi\u00f3n de prop\u00f3sito y visi\u00f3n empresarial<\/li>\n<li style=\"text-align: left\">Acompa\u00f1amiento en procesos de transformaci\u00f3n estrat\u00e9gica<\/li>\n<li style=\"text-align: left\">Rol de sparring partner para equipos directivos<\/li>\n<li style=\"text-align: left\">Facilitaci\u00f3n de sesiones estrat\u00e9gicas con stakeholders clave<\/li>\n<\/ul>\n<p>[\/et_pb_text][\/et_pb_column][et_pb_column type=\u00bb1_3&#8243; _builder_version=\u00bb4.27.4&#8243; _module_preset=\u00bbdefault\u00bb background_color=\u00bbgcid-4558e94f-c411-4090-9fc6-820b4850a969&#8243; custom_padding=\u00bb30px|30px|30px|30px|true|true\u00bb custom_padding_tablet=\u00bb30px|30px|30px|30px|false|false\u00bb custom_padding_phone=\u00bb20px|20px|20px|20px|true|true\u00bb custom_padding_last_edited=\u00bbon|desktop\u00bb border_radii=\u00bbon|20px|20px|20px|20px\u00bb global_colors_info=\u00bb{%22gcid-4558e94f-c411-4090-9fc6-820b4850a969%22:%91%22background_color%22%93}\u00bb][et_pb_text _builder_version=\u00bb4.27.4&#8243; _module_preset=\u00bb3a871945-394f-4577-a7fa-a935694c5482&#8243; header_3_font=\u00bbInter|500||on|||||\u00bb header_3_text_color=\u00bb#FFFFFF\u00bb header_3_font_size=\u00bb24px\u00bb text_orientation=\u00bbcenter\u00bb custom_margin=\u00bb||10px||false|false\u00bb global_colors_info=\u00bb{}\u00bb]<\/p>\n<h3>Formaci\u00f3n<\/h3>\n<p>[\/et_pb_text][et_pb_text _builder_version=\u00bb4.27.4&#8243; _module_preset=\u00bb291e7b6a-353e-4b8a-bd54-baff8a0bc8da\u00bb text_text_color=\u00bb#FFFFFF\u00bb text_font_size=\u00bb14px\u00bb text_orientation=\u00bbcenter\u00bb custom_margin=\u00bb||10px||false|false\u00bb global_colors_info=\u00bb{}\u00bb]<\/p>\n<p style=\"text-align: left\">Formaci\u00f3n para avanzar con criterio: Compartimos experiencia. Ense\u00f1amos desde la pr\u00e1ctica.<\/p>\n<ul>\n<li style=\"text-align: left\">Educaci\u00f3n financiera aplicada<\/li>\n<li style=\"text-align: left\">Formaci\u00f3n en comunicaci\u00f3n estrat\u00e9gica y negociaci\u00f3n<\/li>\n<li style=\"text-align: left\">B\u00fasqueda de capital y relaci\u00f3n con inversores<\/li>\n<li style=\"text-align: left\">C\u00f3mo invertir en compa\u00f1ias no cotizadas.<\/li>\n<li style=\"text-align: left\">Formaci\u00f3n a medida para equipos o consejos<\/li>\n<\/ul>\n<p>[\/et_pb_text][\/et_pb_column][\/et_pb_row][et_pb_row column_structure=\u00bb1_2,1_2&#8243; make_equal=\u00bbon\u00bb _builder_version=\u00bb4.27.4&#8243; _module_preset=\u00bbdefault\u00bb locked=\u00bboff\u00bb global_colors_info=\u00bb{}\u00bb][et_pb_column type=\u00bb1_2&#8243; _builder_version=\u00bb4.27.4&#8243; _module_preset=\u00bbdefault\u00bb background_color=\u00bbgcid-4558e94f-c411-4090-9fc6-820b4850a969&#8243; custom_padding=\u00bb30px|30px|30px|30px|true|true\u00bb custom_padding_tablet=\u00bb30px|30px|30px|30px|false|false\u00bb custom_padding_phone=\u00bb20px|20px|20px|20px|true|true\u00bb custom_padding_last_edited=\u00bbon|desktop\u00bb border_radii=\u00bbon|20px|20px|20px|20px\u00bb global_colors_info=\u00bb{%22gcid-4558e94f-c411-4090-9fc6-820b4850a969%22:%91%22background_color%22%93}\u00bb][et_pb_text _builder_version=\u00bb4.27.4&#8243; _module_preset=\u00bb3a871945-394f-4577-a7fa-a935694c5482&#8243; header_font=\u00bb|||on|||||\u00bb header_3_font=\u00bbInter|500||on|||||\u00bb header_3_text_color=\u00bb#FFFFFF\u00bb header_3_font_size=\u00bb24px\u00bb text_orientation=\u00bbcenter\u00bb custom_margin=\u00bb||10px||false|false\u00bb global_colors_info=\u00bb{}\u00bb]<\/p>\n<h3>DESBLOQUEOS Estrat\u00e9gicos<\/h3>\n<p>[\/et_pb_text][et_pb_text _builder_version=\u00bb4.27.4&#8243; _module_preset=\u00bb291e7b6a-353e-4b8a-bd54-baff8a0bc8da\u00bb text_font=\u00bbInter||||||||\u00bb text_text_color=\u00bb#FFFFFF\u00bb text_font_size=\u00bb14px\u00bb text_orientation=\u00bbcenter\u00bb custom_margin=\u00bb||10px||false|false\u00bb global_colors_info=\u00bb{}\u00bb]<\/p>\n<p style=\"text-align: left;\">Cuando algo frena, ayudamos a destrabar. Desbloqueamos tensiones, reorganizamos prioridades y facilitamos avanzar con claridad.<\/p>\n<p style=\"text-align: left;\">Ejemplos de retos abordados:<\/p>\n<ul>\n<li style=\"text-align: left;\">Resoluci\u00f3n de bloqueos relacionales o estructurales<\/li>\n<li style=\"text-align: left;\">Revisi\u00f3n profunda de visi\u00f3n compartida<\/li>\n<li style=\"text-align: left;\">Identificaci\u00f3n de puntos de fricci\u00f3n en la toma de decisiones<\/li>\n<li style=\"text-align: left;\">Revisi\u00f3n conjunta del modelo de negocio<\/li>\n<li style=\"text-align: left;\">Alineaci\u00f3n de visi\u00f3n entre stakeholders<\/li>\n<\/ul>\n<p style=\"text-align: left;\">\n<p>[\/et_pb_text][\/et_pb_column][et_pb_column type=\u00bb1_2&#8243; _builder_version=\u00bb4.27.4&#8243; _module_preset=\u00bbdefault\u00bb background_color=\u00bbgcid-4558e94f-c411-4090-9fc6-820b4850a969&#8243; custom_padding=\u00bb30px|30px|30px|30px|true|true\u00bb custom_padding_tablet=\u00bb30px|30px|30px|30px|false|false\u00bb custom_padding_phone=\u00bb20px|20px|20px|20px|true|true\u00bb custom_padding_last_edited=\u00bbon|desktop\u00bb border_radii=\u00bbon|20px|20px|20px|20px\u00bb global_colors_info=\u00bb{%22gcid-4558e94f-c411-4090-9fc6-820b4850a969%22:%91%22background_color%22%93}\u00bb][et_pb_text _builder_version=\u00bb4.27.4&#8243; _module_preset=\u00bb3a871945-394f-4577-a7fa-a935694c5482&#8243; header_3_font=\u00bbInter|500||on|||||\u00bb header_3_text_color=\u00bb#FFFFFF\u00bb header_3_font_size=\u00bb24px\u00bb text_orientation=\u00bbcenter\u00bb custom_margin=\u00bb||10px||false|false\u00bb global_colors_info=\u00bb{}\u00bb]<\/p>\n<h3>Special projects<\/h3>\n<p>[\/et_pb_text][et_pb_text _builder_version=\u00bb4.27.4&#8243; _module_preset=\u00bb291e7b6a-353e-4b8a-bd54-baff8a0bc8da\u00bb text_font=\u00bbInter||||||||\u00bb text_text_color=\u00bb#FFFFFF\u00bb text_font_size=\u00bb14px\u00bb text_orientation=\u00bbcenter\u00bb custom_margin=\u00bb||10px||false|false\u00bb global_colors_info=\u00bb{}\u00bb]<\/p>\n<p style=\"text-align: left;\">Lo extraordinario tambi\u00e9n se acompa\u00f1a<br \/>Algunas ideas no encajan en ninguna categor\u00eda. Por eso creamos esta. Tienes algo diferente, hablemos.<\/p>\n<p>[\/et_pb_text][\/et_pb_column][\/et_pb_row][et_pb_row _builder_version=\u00bb4.27.4&#8243; _module_preset=\u00bbdefault\u00bb global_colors_info=\u00bb{}\u00bb][et_pb_column type=\u00bb4_4&#8243; _builder_version=\u00bb4.27.4&#8243; _module_preset=\u00bbdefault\u00bb global_colors_info=\u00bb{}\u00bb][et_pb_button button_url=\u00bbhttps:\/\/paocapital.com\/es\/contacto\/\u00bb button_text=\u00bbContactar\u00bb button_alignment=\u00bbcenter\u00bb _builder_version=\u00bb4.27.4&#8243; _module_preset=\u00bbc5632a83-6ef4-4d7a-b1ab-86020a5903ad\u00bb button_text_color=\u00bb#ffffff\u00bb button_bg_color=\u00bb#0a0000&#8243; button_border_width=\u00bb3px\u00bb button_font=\u00bbInter|700||on|||||\u00bb button_use_icon=\u00bboff\u00bb custom_margin=\u00bb30px||||false|false\u00bb global_colors_info=\u00bb{}\u00bb][\/et_pb_button][\/et_pb_column][\/et_pb_row][\/et_pb_section]<\/p>\n","protected":false},"excerpt":{"rendered":"<p>SERVICIOSStrategic AdvisoryReflexi\u00f3n Estrategica para tomar decisiones orientadas a la creaci\u00f3n de valor. Perspectiva, criterio y direcci\u00f3n para construir lo que viene. Definici\u00f3n o revisi\u00f3n de prop\u00f3sito y visi\u00f3n empresarial Acompa\u00f1amiento en procesos de transformaci\u00f3n estrat\u00e9gica Rol de sparring partner para equipos directivos Facilitaci\u00f3n de sesiones estrat\u00e9gicas con stakeholders clave Gesti\u00f3n PatrimonialApoyo estrat\u00e9gico y t\u00e9cnico en [&hellip;]<\/p>\n","protected":false},"author":2,"featured_media":0,"parent":0,"menu_order":0,"comment_status":"closed","ping_status":"closed","template":"","meta":{"_et_pb_use_builder":"on","_et_pb_old_content":"","_et_gb_content_width":"","footnotes":""},"class_list":["post-55","page","type-page","status-publish","hentry"],"_links":{"self":[{"href":"https:\/\/paocapital.com\/es\/wp-json\/wp\/v2\/pages\/55","targetHints":{"allow":["GET"]}}],"collection":[{"href":"https:\/\/paocapital.com\/es\/wp-json\/wp\/v2\/pages"}],"about":[{"href":"https:\/\/paocapital.com\/es\/wp-json\/wp\/v2\/types\/page"}],"author":[{"embeddable":true,"href":"https:\/\/paocapital.com\/es\/wp-json\/wp\/v2\/users\/2"}],"replies":[{"embeddable":true,"href":"https:\/\/paocapital.com\/es\/wp-json\/wp\/v2\/comments?post=55"}],"version-history":[{"count":13,"href":"https:\/\/paocapital.com\/es\/wp-json\/wp\/v2\/pages\/55\/revisions"}],"predecessor-version":[{"id":330,"href":"https:\/\/paocapital.com\/es\/wp-json\/wp\/v2\/pages\/55\/revisions\/330"}],"wp:attachment":[{"href":"https:\/\/paocapital.com\/es\/wp-json\/wp\/v2\/media?parent=55"}],"curies":[{"name":"wp","href":"https:\/\/api.w.org\/{rel}","templated":true}]}}