{"id":31,"date":"2025-10-13T11:01:17","date_gmt":"2025-10-13T11:01:17","guid":{"rendered":"https:\/\/paocapital.com\/es\/?page_id=31"},"modified":"2025-12-12T11:26:44","modified_gmt":"2025-12-12T11:26:44","slug":"inicio","status":"publish","type":"page","link":"https:\/\/paocapital.com\/es\/","title":{"rendered":"Inicio"},"content":{"rendered":"<p>[et_pb_section fb_built=\u00bb1&#8243; admin_label=\u00bbHeader\u00bb _builder_version=\u00bb4.27.4&#8243; _module_preset=\u00bbdefault\u00bb background_color=\u00bb#0038ff\u00bb use_background_color_gradient=\u00bbon\u00bb background_color_gradient_stops=\u00bb#0a0000 0%|#0038ff 24%|#0069fe 58%|#eaebef 75%\u00bb custom_padding=\u00bb||0px||false|false\u00bb background_last_edited=\u00bbon|tablet\u00bb background_color_gradient_direction_tablet=\u00bb180deg\u00bb collapsed=\u00bbon\u00bb global_colors_info=\u00bb{}\u00bb][et_pb_row make_equal=\u00bbon\u00bb _builder_version=\u00bb4.27.4&#8243; _module_preset=\u00bbdefault\u00bb custom_margin=\u00bb-14px|auto||auto|false|false\u00bb custom_padding=\u00bb||0px|0px|false|false\u00bb hover_enabled=\u00bb0&#8243; global_colors_info=\u00bb{}\u00bb custom_margin_last_edited=\u00bbon|phone\u00bb custom_margin_phone=\u00bb-90px||||false|false\u00bb sticky_enabled=\u00bb0&#8243; custom_margin_tablet=\u00bb-14px|auto||auto|false|false\u00bb][et_pb_column type=\u00bb4_4&#8243; _builder_version=\u00bb4.27.4&#8243; _module_preset=\u00bbdefault\u00bb custom_padding=\u00bb75px||||false|false\u00bb global_colors_info=\u00bb{}\u00bb][et_pb_image src=\u00bbhttps:\/\/paocapital.com\/es\/wp-content\/uploads\/sites\/6\/2025\/10\/PaoCapital-Logo-09.png\u00bb title_text=\u00bbPaoCapital-Logo-09&#8243; align=\u00bbcenter\u00bb _builder_version=\u00bb4.27.4&#8243; _module_preset=\u00bbdefault\u00bb max_height=\u00bb250px\u00bb custom_padding=\u00bb||0px|||\u00bb global_colors_info=\u00bb{}\u00bb][\/et_pb_image][et_pb_text _builder_version=\u00bb4.27.4&#8243; _module_preset=\u00bb0e15761e-d8ba-475f-9017-3164ef1da98f\u00bb text_font=\u00bbInter|500|||||||\u00bb header_font=\u00bbInter|600|||||||\u00bb header_text_align=\u00bbcenter\u00bb header_2_font=\u00bbInter|500|||||||\u00bb header_3_font=\u00bbInter|700|||||||\u00bb header_4_font=\u00bbInter|700|||||||\u00bb header_5_font=\u00bbInter|700|||||||\u00bb header_6_font=\u00bbInter|700|||||||\u00bb background_color=\u00bbRGBA(255,255,255,0)\u00bb text_orientation=\u00bbcenter\u00bb custom_margin=\u00bb||10px||false|false\u00bb locked=\u00bboff\u00bb global_colors_info=\u00bb{}\u00bb]<\/p>\n<h3><span style=\"color: #0038ff\">Impulsamos decisiones con visi\u00f3n, inversiones con prop\u00f3sito y relaciones de largo recorrido<\/span><\/h3>\n<p>[\/et_pb_text][\/et_pb_column][\/et_pb_row][\/et_pb_section][et_pb_section fb_built=\u00bb1&#8243; admin_label=\u00bbServices\u00bb _builder_version=\u00bb4.27.4&#8243; _module_preset=\u00bbdefault\u00bb background_color=\u00bb#eaebef\u00bb custom_margin=\u00bb||-78px|||\u00bb custom_padding=\u00bb1px|||||\u00bb collapsed=\u00bbon\u00bb global_colors_info=\u00bb{%22gcid-d214ab81-0383-475f-b48e-2c27b44bd017%22:%91%22background_color%22%93}\u00bb][et_pb_row _builder_version=\u00bb4.27.4&#8243; _module_preset=\u00bbdefault\u00bb background_color=\u00bb#0a0001&#8243; width=\u00bb100%\u00bb max_width=\u00bb2560px\u00bb custom_margin=\u00bb|auto|24px|auto||\u00bb custom_padding=\u00bb3px||0px|||\u00bb global_colors_info=\u00bb{}\u00bb][et_pb_column type=\u00bb4_4&#8243; _builder_version=\u00bb4.27.4&#8243; _module_preset=\u00bbdefault\u00bb global_colors_info=\u00bb{}\u00bb][et_pb_slider show_arrows=\u00bboff\u00bb _builder_version=\u00bb4.27.4&#8243; _module_preset=\u00bbdefault\u00bb header_font=\u00bbInter||||||||\u00bb header_line_height=\u00bb1.2em\u00bb background_color=\u00bb#0a0a0a\u00bb background_enable_image=\u00bboff\u00bb custom_margin=\u00bb-6px|||||\u00bb auto=\u00bbon\u00bb hover_transition_duration=\u00bb150ms\u00bb link_option_url=\u00bbhttps:\/\/paocapital.com\/es\/servicios\/\u00bb header_font_size_tablet=\u00bb\u00bb header_font_size_phone=\u00bb26px\u00bb header_font_size_last_edited=\u00bbon|phone\u00bb body_font_size_tablet=\u00bb\u00bb body_font_size_phone=\u00bb\u00bb body_font_size_last_edited=\u00bbon|phone\u00bb global_colors_info=\u00bb{}\u00bb][et_pb_slide heading=\u00bbCreamos valor sostenible y diferencial, desde dentro del negocio.\u00bb button_text=\u00bbM\u00e1s informaci\u00f3n\u00bb button_link=\u00bbhttps:\/\/paocapital.com\/es\/servicios\/\u00bb arrows_custom_color=\u00bb#ffffff\u00bb _builder_version=\u00bb4.27.4&#8243; _module_preset=\u00bbdefault\u00bb header_level=\u00bbh6&#8243; header_font=\u00bbInter||||||||\u00bb body_font=\u00bbInter||||||||\u00bb background_color=\u00bbRGBA(255,255,255,0)\u00bb background_enable_color=\u00bbon\u00bb background_image=\u00bbhttps:\/\/paocapital.com\/es\/wp-content\/uploads\/sites\/6\/2025\/10\/paocapiral-02.png\u00bb background_enable_image=\u00bbon\u00bb custom_button=\u00bbon\u00bb button_border_radius=\u00bb30px\u00bb button_use_icon=\u00bboff\u00bb border_radii_image=\u00bbon|30px|30px|30px|30px\u00bb global_colors_info=\u00bb{}\u00bb sticky_transition=\u00bbon\u00bb][\/et_pb_slide][et_pb_slide heading=\u00bbImpulsamos tu prop\u00f3sito y nos alineamos con tus objetivos.\u00bb button_text=\u00bbM\u00e1s informaci\u00f3n\u00bb button_link=\u00bbhttps:\/\/paocapital.com\/es\/servicios\/\u00bb _builder_version=\u00bb4.27.4&#8243; _module_preset=\u00bbdefault\u00bb header_level=\u00bbh6&#8243; header_font=\u00bbInter||||||||\u00bb body_font=\u00bbInter||||||||\u00bb background_color=\u00bbRGBA(255,255,255,0)\u00bb background_enable_color=\u00bbon\u00bb background_image=\u00bbhttps:\/\/paocapital.com\/es\/wp-content\/uploads\/sites\/6\/2025\/10\/download-1n.png\u00bb background_enable_image=\u00bbon\u00bb custom_button=\u00bbon\u00bb button_border_radius=\u00bb30px\u00bb border_radii_image=\u00bbon|30px|30px|30px|30px\u00bb global_colors_info=\u00bb{}\u00bb sticky_transition=\u00bbon\u00bb][\/et_pb_slide][et_pb_slide heading=\u00bbConfiamos en el talento y en la innovaci\u00f3n como motor de impacto.\u00bb button_text=\u00bbM\u00e1s informaci\u00f3n\u00bb button_link=\u00bbhttps:\/\/paocapital.com\/es\/servicios\/\u00bb _builder_version=\u00bb4.27.4&#8243; _module_preset=\u00bbdefault\u00bb header_level=\u00bbh6&#8243; header_font=\u00bbInter||||||||\u00bb body_font=\u00bbInter||||||||\u00bb background_color=\u00bbRGBA(255,255,255,0)\u00bb background_enable_color=\u00bbon\u00bb background_image=\u00bbhttps:\/\/paocapital.com\/es\/wp-content\/uploads\/sites\/6\/2025\/10\/photo-1521737711867-e3b97375f902.png\u00bb background_enable_image=\u00bbon\u00bb custom_button=\u00bbon\u00bb button_border_radius=\u00bb30px\u00bb border_radii_image=\u00bbon|30px|30px|30px|30px\u00bb global_colors_info=\u00bb{}\u00bb sticky_transition=\u00bbon\u00bb][\/et_pb_slide][\/et_pb_slider][\/et_pb_column][\/et_pb_row][\/et_pb_section][et_pb_section fb_built=\u00bb1&#8243; custom_padding_last_edited=\u00bboff|tablet\u00bb disabled_on=\u00bboff|on|on\u00bb admin_label=\u00bbCall to Action\u00bb _builder_version=\u00bb4.27.4&#8243; _module_preset=\u00bbdefault\u00bb background_color=\u00bb#0a0a0a\u00bb background_image=\u00bbhttps:\/\/paocapital.com\/es\/wp-content\/uploads\/sites\/6\/2025\/10\/Paocapital_BG-02-scaled.png\u00bb custom_padding=\u00bb||||false|false\u00bb collapsed=\u00bbon\u00bb global_colors_info=\u00bb{%22gcid-9497e03e-5562-44f9-9c68-09639ac67986%22:%91%22background_color%22%93}\u00bb][et_pb_row _builder_version=\u00bb4.23.1&#8243; _module_preset=\u00bbdefault\u00bb custom_margin=\u00bb|auto|-32px|auto||\u00bb global_colors_info=\u00bb{}\u00bb][et_pb_column type=\u00bb4_4&#8243; _builder_version=\u00bb4.23.1&#8243; _module_preset=\u00bbdefault\u00bb global_colors_info=\u00bb{}\u00bb][et_pb_text _builder_version=\u00bb4.27.4&#8243; _module_preset=\u00bba6b3f79f-2fc7-47b3-9112-b551e2689c37&#8243; text_font=\u00bbInter|500|||||||\u00bb header_font=\u00bbInter|500||on|||||\u00bb header_2_font=\u00bbInter|500||on|||||\u00bb header_3_font=\u00bbInter|500||on|||||\u00bb header_4_font=\u00bbInter|700||on|||||\u00bb header_5_font=\u00bbInter|700||on|||||\u00bb header_6_font=\u00bbInter|700||on|||||\u00bb text_orientation=\u00bbcenter\u00bb custom_margin=\u00bb||10px||false|false\u00bb custom_padding=\u00bb2px|||||\u00bb text_font_size_tablet=\u00bb\u00bb text_font_size_phone=\u00bb\u00bb text_font_size_last_edited=\u00bbon|phone\u00bb locked=\u00bboff\u00bb global_colors_info=\u00bb{}\u00bb]<\/p>\n<h2><span style=\"color: #0038ff;\"><span style=\"color: #ffffff;\">aportamos valor<\/span><br \/><\/span><\/h2>\n<p>[\/et_pb_text][\/et_pb_column][\/et_pb_row][et_pb_row column_structure=\u00bb1_4,1_4,1_4,1_4&#8243; _builder_version=\u00bb4.23.1&#8243; _module_preset=\u00bbdefault\u00bb global_colors_info=\u00bb{}\u00bb][et_pb_column type=\u00bb1_4&#8243; _builder_version=\u00bb4.23.1&#8243; _module_preset=\u00bbdefault\u00bb global_colors_info=\u00bb{}\u00bb][et_pb_text _builder_version=\u00bb4.27.4&#8243; _module_preset=\u00bbdefault\u00bb text_font=\u00bbInter||||||||\u00bb background_color=\u00bb#0a0a0a\u00bb border_radii=\u00bbon|15px|15px|15px|15px\u00bb global_colors_info=\u00bb{}\u00bb]<\/p>\n<p style=\"text-align: center;\"><strong><span style=\"color: #ffffff;\">STRATEGIC ADVISORY<\/span><\/strong><\/p>\n<p>[\/et_pb_text][et_pb_text _builder_version=\u00bb4.27.4&#8243; _module_preset=\u00bbdefault\u00bb text_font=\u00bbInter||||||||\u00bb background_color=\u00bb#0a0a0a\u00bb border_radii=\u00bbon|15px|15px|15px|15px\u00bb global_colors_info=\u00bb{}\u00bb]<\/p>\n<p style=\"text-align: center;\"><strong><span style=\"color: #ffffff;\">DESBLOQUEOS ESTRAT\u00c9GICOS<\/span><\/strong><\/p>\n<p>[\/et_pb_text][\/et_pb_column][et_pb_column type=\u00bb1_4&#8243; _builder_version=\u00bb4.27.4&#8243; _module_preset=\u00bbdefault\u00bb global_colors_info=\u00bb{}\u00bb][et_pb_text _builder_version=\u00bb4.27.4&#8243; _module_preset=\u00bbdefault\u00bb text_font=\u00bbInter||||||||\u00bb background_color=\u00bb#0a0a0a\u00bb border_radii=\u00bbon|15px|15px|15px|15px\u00bb global_colors_info=\u00bb{}\u00bb]<\/p>\n<p style=\"text-align: center;\"><strong><span style=\"color: #ffffff;\">GESTI\u00d3N PATRIMONIAL<\/span><\/strong><\/p>\n<p>[\/et_pb_text][et_pb_text _builder_version=\u00bb4.27.4&#8243; _module_preset=\u00bbdefault\u00bb text_font=\u00bbInter||||||||\u00bb background_color=\u00bb#0a0a0a\u00bb border_radii=\u00bbon|15px|15px|15px|15px\u00bb global_colors_info=\u00bb{}\u00bb]<\/p>\n<p style=\"text-align: center;\"><strong><span style=\"color: #ffffff;\">INTERIM MANAGEMENT<\/span><\/strong><\/p>\n<p>[\/et_pb_text][\/et_pb_column][et_pb_column type=\u00bb1_4&#8243; _builder_version=\u00bb4.27.4&#8243; _module_preset=\u00bbdefault\u00bb global_colors_info=\u00bb{}\u00bb][et_pb_text _builder_version=\u00bb4.27.4&#8243; _module_preset=\u00bbdefault\u00bb text_font=\u00bbInter||||||||\u00bb background_color=\u00bb#0a0a0a\u00bb border_radii=\u00bbon|15px|15px|15px|15px\u00bb border_color_all=\u00bb#ffffff\u00bb global_colors_info=\u00bb{}\u00bb]<\/p>\n<p style=\"text-align: center;\"><strong><span style=\"color: #ffffff;\">ASESORAMIENTO FINANCIERO<\/span><\/strong><\/p>\n<p>[\/et_pb_text][et_pb_text _builder_version=\u00bb4.27.4&#8243; _module_preset=\u00bbdefault\u00bb text_font=\u00bbInter||||||||\u00bb background_color=\u00bb#0a0a0a\u00bb border_radii=\u00bbon|15px|15px|15px|15px\u00bb global_colors_info=\u00bb{}\u00bb]<\/p>\n<p style=\"text-align: center;\"><strong><span style=\"color: #ffffff;\">FORMACI\u00d3N<\/span><\/strong><\/p>\n<p>[\/et_pb_text][\/et_pb_column][et_pb_column type=\u00bb1_4&#8243; _builder_version=\u00bb4.23.1&#8243; _module_preset=\u00bbdefault\u00bb global_colors_info=\u00bb{}\u00bb][et_pb_text _builder_version=\u00bb4.27.4&#8243; _module_preset=\u00bbdefault\u00bb text_font=\u00bbInter||||||||\u00bb background_color=\u00bb#0a0a0a\u00bb border_radii=\u00bbon|15px|15px|15px|15px\u00bb global_colors_info=\u00bb{}\u00bb]<\/p>\n<p style=\"text-align: center;\"><strong><span style=\"color: #ffffff;\">CONSEJO DE ADMINISTRACI\u00d3N<\/span><\/strong><\/p>\n<p>[\/et_pb_text][et_pb_text _builder_version=\u00bb4.27.4&#8243; _module_preset=\u00bbdefault\u00bb text_font=\u00bbInter||||||||\u00bb background_color=\u00bb#0c0c0c\u00bb border_radii=\u00bbon|15px|15px|15px|15px\u00bb global_colors_info=\u00bb{}\u00bb]<\/p>\n<p style=\"text-align: center;\"><strong><span style=\"color: #ffffff;\">SPECIAL PROJECTS<\/span><\/strong><\/p>\n<p>[\/et_pb_text][\/et_pb_column][\/et_pb_row][et_pb_row _builder_version=\u00bb4.23.1&#8243; _module_preset=\u00bbdefault\u00bb custom_margin=\u00bb|auto|-32px|auto||\u00bb global_colors_info=\u00bb{}\u00bb][et_pb_column type=\u00bb4_4&#8243; _builder_version=\u00bb4.23.1&#8243; _module_preset=\u00bbdefault\u00bb global_colors_info=\u00bb{}\u00bb][et_pb_button button_url=\u00bbhttps:\/\/paocapital.com\/es\/servicios\/\u00bb button_text=\u00bbSERVICIOS\u00bb button_alignment=\u00bbcenter\u00bb _builder_version=\u00bb4.27.4&#8243; _module_preset=\u00bb43fe4950-085f-4724-a58d-e012436f31d4&#8243; button_border_width=\u00bb2px\u00bb button_border_radius=\u00bb30px\u00bb button_font=\u00bbInter|500||on|||||\u00bb button_use_icon=\u00bboff\u00bb global_colors_info=\u00bb{}\u00bb][\/et_pb_button][\/et_pb_column][\/et_pb_row][\/et_pb_section][et_pb_section fb_built=\u00bb1&#8243; custom_padding_last_edited=\u00bboff|tablet\u00bb disabled_on=\u00bbon|off|off\u00bb admin_label=\u00bbCall to Action\u00bb _builder_version=\u00bb4.27.4&#8243; _module_preset=\u00bbdefault\u00bb background_color=\u00bb#0a0a0a\u00bb background_image=\u00bbhttps:\/\/paocapital.com\/es\/wp-content\/uploads\/sites\/6\/2025\/10\/Paocapital_BG-05-scaled.png\u00bb custom_padding=\u00bb||||false|false\u00bb collapsed=\u00bbon\u00bb global_colors_info=\u00bb{%22gcid-9497e03e-5562-44f9-9c68-09639ac67986%22:%91%22background_color%22%93}\u00bb][et_pb_row _builder_version=\u00bb4.23.1&#8243; _module_preset=\u00bbdefault\u00bb custom_margin=\u00bb|auto|-32px|auto||\u00bb global_colors_info=\u00bb{}\u00bb][et_pb_column type=\u00bb4_4&#8243; _builder_version=\u00bb4.23.1&#8243; _module_preset=\u00bbdefault\u00bb global_colors_info=\u00bb{}\u00bb][et_pb_text _builder_version=\u00bb4.27.4&#8243; _module_preset=\u00bba6b3f79f-2fc7-47b3-9112-b551e2689c37&#8243; text_font=\u00bbInter|500|||||||\u00bb header_font=\u00bbInter|500||on|||||\u00bb header_2_font=\u00bbInter|500||on|||||\u00bb header_3_font=\u00bbInter|500||on|||||\u00bb header_4_font=\u00bbInter|700||on|||||\u00bb header_5_font=\u00bbInter|700||on|||||\u00bb header_6_font=\u00bbInter|700||on|||||\u00bb text_orientation=\u00bbcenter\u00bb custom_margin=\u00bb||10px||false|false\u00bb custom_padding=\u00bb2px|||||\u00bb text_font_size_tablet=\u00bb\u00bb text_font_size_phone=\u00bb\u00bb text_font_size_last_edited=\u00bbon|phone\u00bb locked=\u00bboff\u00bb global_colors_info=\u00bb{}\u00bb]<\/p>\n<h2><span style=\"color: #0038ff;\"><span style=\"color: #ffffff;\">aportamos valor<\/span><br \/><\/span><\/h2>\n<p>[\/et_pb_text][\/et_pb_column][\/et_pb_row][et_pb_row column_structure=\u00bb1_4,1_4,1_4,1_4&#8243; _builder_version=\u00bb4.23.1&#8243; _module_preset=\u00bbdefault\u00bb global_colors_info=\u00bb{}\u00bb][et_pb_column type=\u00bb1_4&#8243; _builder_version=\u00bb4.23.1&#8243; _module_preset=\u00bbdefault\u00bb global_colors_info=\u00bb{}\u00bb][et_pb_text _builder_version=\u00bb4.27.4&#8243; _module_preset=\u00bbdefault\u00bb text_font=\u00bbInter||||||||\u00bb background_color=\u00bb#0a0a0a\u00bb border_radii=\u00bbon|15px|15px|15px|15px\u00bb global_colors_info=\u00bb{}\u00bb]<\/p>\n<p style=\"text-align: center;\"><strong><span style=\"color: #ffffff;\">STRATEGIC ADVISORY<\/span><\/strong><\/p>\n<p>[\/et_pb_text][et_pb_text _builder_version=\u00bb4.27.4&#8243; _module_preset=\u00bbdefault\u00bb text_font=\u00bbInter||||||||\u00bb background_color=\u00bb#0a0a0a\u00bb border_radii=\u00bbon|15px|15px|15px|15px\u00bb global_colors_info=\u00bb{}\u00bb]<\/p>\n<p style=\"text-align: center;\"><strong><span style=\"color: #ffffff;\">DESBLOQUEOS ESTRAT\u00c9GICOS<\/span><\/strong><\/p>\n<p>[\/et_pb_text][\/et_pb_column][et_pb_column type=\u00bb1_4&#8243; _builder_version=\u00bb4.27.4&#8243; _module_preset=\u00bbdefault\u00bb global_colors_info=\u00bb{}\u00bb][et_pb_text _builder_version=\u00bb4.27.4&#8243; _module_preset=\u00bbdefault\u00bb text_font=\u00bbInter||||||||\u00bb background_color=\u00bb#0a0a0a\u00bb border_radii=\u00bbon|15px|15px|15px|15px\u00bb global_colors_info=\u00bb{}\u00bb]<\/p>\n<p style=\"text-align: center;\"><strong><span style=\"color: #ffffff;\">GESTI\u00d3N PATRIMONIAL<\/span><\/strong><\/p>\n<p>[\/et_pb_text][et_pb_text _builder_version=\u00bb4.27.4&#8243; _module_preset=\u00bbdefault\u00bb text_font=\u00bbInter||||||||\u00bb background_color=\u00bb#0a0a0a\u00bb border_radii=\u00bbon|15px|15px|15px|15px\u00bb global_colors_info=\u00bb{}\u00bb]<\/p>\n<p style=\"text-align: center;\"><strong><span style=\"color: #ffffff;\">INTERIM MANAGEMENT<\/span><\/strong><\/p>\n<p>[\/et_pb_text][\/et_pb_column][et_pb_column type=\u00bb1_4&#8243; _builder_version=\u00bb4.27.4&#8243; _module_preset=\u00bbdefault\u00bb global_colors_info=\u00bb{}\u00bb][et_pb_text _builder_version=\u00bb4.27.4&#8243; _module_preset=\u00bbdefault\u00bb text_font=\u00bbInter||||||||\u00bb background_color=\u00bb#0a0a0a\u00bb border_radii=\u00bbon|15px|15px|15px|15px\u00bb border_color_all=\u00bb#ffffff\u00bb global_colors_info=\u00bb{}\u00bb]<\/p>\n<p style=\"text-align: center;\"><strong><span style=\"color: #ffffff;\">ASESORAMIENTO FINANCIERO<\/span><\/strong><\/p>\n<p>[\/et_pb_text][et_pb_text _builder_version=\u00bb4.27.4&#8243; _module_preset=\u00bbdefault\u00bb text_font=\u00bbInter||||||||\u00bb background_color=\u00bb#0a0a0a\u00bb border_radii=\u00bbon|15px|15px|15px|15px\u00bb global_colors_info=\u00bb{}\u00bb]<\/p>\n<p style=\"text-align: center;\"><strong><span style=\"color: #ffffff;\">FORMACI\u00d3N<\/span><\/strong><\/p>\n<p>[\/et_pb_text][\/et_pb_column][et_pb_column type=\u00bb1_4&#8243; _builder_version=\u00bb4.23.1&#8243; _module_preset=\u00bbdefault\u00bb global_colors_info=\u00bb{}\u00bb][et_pb_text _builder_version=\u00bb4.27.4&#8243; _module_preset=\u00bbdefault\u00bb text_font=\u00bbInter||||||||\u00bb background_color=\u00bb#0a0a0a\u00bb border_radii=\u00bbon|15px|15px|15px|15px\u00bb global_colors_info=\u00bb{}\u00bb]<\/p>\n<p style=\"text-align: center;\"><strong><span style=\"color: #ffffff;\">CONSEJO DE ADMINISTRACI\u00d3N<\/span><\/strong><\/p>\n<p>[\/et_pb_text][et_pb_text _builder_version=\u00bb4.27.4&#8243; _module_preset=\u00bbdefault\u00bb text_font=\u00bbInter||||||||\u00bb background_color=\u00bb#0c0c0c\u00bb border_radii=\u00bbon|15px|15px|15px|15px\u00bb global_colors_info=\u00bb{}\u00bb]<\/p>\n<p style=\"text-align: center;\"><strong><span style=\"color: #ffffff;\">SPECIAL PROJECTS<\/span><\/strong><\/p>\n<p>[\/et_pb_text][\/et_pb_column][\/et_pb_row][et_pb_row _builder_version=\u00bb4.23.1&#8243; _module_preset=\u00bbdefault\u00bb custom_margin=\u00bb|auto|-32px|auto||\u00bb global_colors_info=\u00bb{}\u00bb][et_pb_column type=\u00bb4_4&#8243; _builder_version=\u00bb4.23.1&#8243; _module_preset=\u00bbdefault\u00bb global_colors_info=\u00bb{}\u00bb][et_pb_button button_url=\u00bbhttps:\/\/paocapital.com\/es\/servicios\/\u00bb button_text=\u00bbSERVICIOS\u00bb button_alignment=\u00bbcenter\u00bb _builder_version=\u00bb4.27.4&#8243; _module_preset=\u00bb43fe4950-085f-4724-a58d-e012436f31d4&#8243; button_border_width=\u00bb2px\u00bb button_border_radius=\u00bb30px\u00bb button_font=\u00bbInter|500||on|||||\u00bb button_use_icon=\u00bboff\u00bb global_colors_info=\u00bb{}\u00bb][\/et_pb_button][\/et_pb_column][\/et_pb_row][\/et_pb_section][et_pb_section fb_built=\u00bb1&#8243; custom_padding_last_edited=\u00bboff|tablet\u00bb admin_label=\u00bbCall to Action\u00bb _builder_version=\u00bb4.27.4&#8243; _module_preset=\u00bbdefault\u00bb background_color=\u00bb#0a0a0a\u00bb custom_padding=\u00bb||||false|false\u00bb collapsed=\u00bbon\u00bb global_colors_info=\u00bb{%22gcid-9497e03e-5562-44f9-9c68-09639ac67986%22:%91%22background_color%22%93}\u00bb][et_pb_row column_structure=\u00bb1_2,1_2&#8243; _builder_version=\u00bb4.23.1&#8243; _module_preset=\u00bbdefault\u00bb global_colors_info=\u00bb{}\u00bb][et_pb_column type=\u00bb1_2&#8243; _builder_version=\u00bb4.23.1&#8243; _module_preset=\u00bbdefault\u00bb global_colors_info=\u00bb{}\u00bb][et_pb_image src=\u00bbhttps:\/\/paocapital.com\/es\/wp-content\/uploads\/sites\/6\/2025\/10\/paocapiral-02.png\u00bb alt=\u00bbChicas PaoCapital blue\u00bb title_text=\u00bbpaocapiral 02&#8243; _builder_version=\u00bb4.27.4&#8243; _module_preset=\u00bbdefault\u00bb custom_margin=\u00bb||-120px|-10vw|false|false\u00bb custom_margin_tablet=\u00bb0px||20px|0vw|false|false\u00bb custom_margin_phone=\u00bb0px|||0vw|false|false\u00bb custom_margin_last_edited=\u00bbon|phone\u00bb border_radii=\u00bbon|30px|30px|30px|30px\u00bb global_colors_info=\u00bb{}\u00bb][\/et_pb_image][\/et_pb_column][et_pb_column type=\u00bb1_2&#8243; _builder_version=\u00bb4.23.1&#8243; _module_preset=\u00bbdefault\u00bb global_colors_info=\u00bb{}\u00bb][et_pb_text _builder_version=\u00bb4.27.4&#8243; _module_preset=\u00bba6b3f79f-2fc7-47b3-9112-b551e2689c37&#8243; text_font=\u00bbInter|500|||||||\u00bb header_font=\u00bbInter|600||on|||||\u00bb header_2_font=\u00bbInter|500||on|||||\u00bb header_3_font=\u00bbInter|700||on|||||\u00bb header_4_font=\u00bbInter|500||on|||||\u00bb header_5_font=\u00bbInter|500||on|||||\u00bb header_6_font=\u00bbInter|500||on|||||\u00bb custom_margin=\u00bb||10px||false|false\u00bb global_colors_info=\u00bb{}\u00bb]<\/p>\n<h2><span style=\"color: #ffffff;\">Nuestra<br \/>trayectoria<\/span><\/h2>\n<p>[\/et_pb_text][et_pb_text _builder_version=\u00bb4.27.4&#8243; _module_preset=\u00bbedf5fb77-fc38-43e6-80de-0a7de4d37851&#8243; text_font=\u00bbInter||||||||\u00bb text_text_color=\u00bb#ffffff\u00bb text_line_height=\u00bb1.6em\u00bb global_colors_info=\u00bb{}\u00bb]<\/p>\n<ul>\n<li><span style=\"color: #ffffff\">Formado por profesionales comprometidos<\/span><\/li>\n<li><span style=\"color: #ffffff\">Con d\u00e9cadas de experiencia multidisciplinar en diferentes sectores y ocupando diferentes posiciones de nivel directivo<\/span><\/li>\n<li><span style=\"color: #ffffff\"> Equipo independiente, senior y multidisciplinar<\/span><\/li>\n<li><span style=\"color: #ffffff\">Buscando generar impacto positivo y duradero en todos los stakeholders. <\/span><br \/><span style=\"color: #ffffff\">Involucraci\u00f3n personal en todos los proyectos<\/span><\/li>\n<li><span style=\"color: #ffffff\">Personalizamos las soluciones a cada situaci\u00f3n<\/span><\/li>\n<\/ul>\n<p>[\/et_pb_text][et_pb_button button_url=\u00bbhttps:\/\/paocapital.com\/es\/quienes-somos\u00bb button_text=\u00bbNuestro equipo\u00bb button_alignment=\u00bbleft\u00bb _builder_version=\u00bb4.27.4&#8243; _module_preset=\u00bb43fe4950-085f-4724-a58d-e012436f31d4&#8243; button_border_width=\u00bb2px\u00bb button_border_radius=\u00bb30px\u00bb button_font=\u00bbInter|500||on|||||\u00bb button_use_icon=\u00bboff\u00bb global_colors_info=\u00bb{}\u00bb][\/et_pb_button][\/et_pb_column][\/et_pb_row][\/et_pb_section]<\/p>\n","protected":false},"excerpt":{"rendered":"<p>Impulsamos decisiones con visi\u00f3n, inversiones con prop\u00f3sito y relaciones de largo recorridoaportamos valorSTRATEGIC ADVISORYDESBLOQUEOS ESTRAT\u00c9GICOSGESTI\u00d3N PATRIMONIALINTERIM MANAGEMENTASESORAMIENTO FINANCIEROFORMACI\u00d3NCONSEJO DE ADMINISTRACI\u00d3NSPECIAL PROJECTSaportamos valorSTRATEGIC ADVISORYDESBLOQUEOS ESTRAT\u00c9GICOSGESTI\u00d3N PATRIMONIALINTERIM MANAGEMENTASESORAMIENTO FINANCIEROFORMACI\u00d3NCONSEJO DE ADMINISTRACI\u00d3NSPECIAL PROJECTSNuestratrayectoria Formado por profesionales comprometidos Con d\u00e9cadas de experiencia multidisciplinar en diferentes sectores y ocupando diferentes posiciones de nivel directivo Equipo independiente, senior y multidisciplinar Buscando [&hellip;]<\/p>\n","protected":false},"author":2,"featured_media":0,"parent":0,"menu_order":0,"comment_status":"closed","ping_status":"closed","template":"","meta":{"_et_pb_use_builder":"on","_et_pb_old_content":"","_et_gb_content_width":"","footnotes":""},"class_list":["post-31","page","type-page","status-publish","hentry"],"_links":{"self":[{"href":"https:\/\/paocapital.com\/es\/wp-json\/wp\/v2\/pages\/31","targetHints":{"allow":["GET"]}}],"collection":[{"href":"https:\/\/paocapital.com\/es\/wp-json\/wp\/v2\/pages"}],"about":[{"href":"https:\/\/paocapital.com\/es\/wp-json\/wp\/v2\/types\/page"}],"author":[{"embeddable":true,"href":"https:\/\/paocapital.com\/es\/wp-json\/wp\/v2\/users\/2"}],"replies":[{"embeddable":true,"href":"https:\/\/paocapital.com\/es\/wp-json\/wp\/v2\/comments?post=31"}],"version-history":[{"count":50,"href":"https:\/\/paocapital.com\/es\/wp-json\/wp\/v2\/pages\/31\/revisions"}],"predecessor-version":[{"id":474,"href":"https:\/\/paocapital.com\/es\/wp-json\/wp\/v2\/pages\/31\/revisions\/474"}],"wp:attachment":[{"href":"https:\/\/paocapital.com\/es\/wp-json\/wp\/v2\/media?parent=31"}],"curies":[{"name":"wp","href":"https:\/\/api.w.org\/{rel}","templated":true}]}}